{"id":993,"date":"2025-08-01T17:17:10","date_gmt":"2025-08-01T10:17:10","guid":{"rendered":"https:\/\/qgroupvn.com\/q-academy"},"modified":"2025-09-15T14:25:19","modified_gmt":"2025-09-15T07:25:19","slug":"q-academy","status":"publish","type":"page","link":"https:\/\/qgroupvn.com\/en\/q-academy","title":{"rendered":"Q Academy"},"content":{"rendered":"\n  <div class=\"banner has-hover\" id=\"banner-1689092044\">\n          <div class=\"banner-inner fill\">\n        <div class=\"banner-bg fill\" >\n            <div class=\"bg fill bg-fill \"><\/div>\n                        <div class=\"overlay\"><\/div>            \n                    <\/div>\n\t\t\n        <div class=\"banner-layers container\">\n            <div class=\"fill banner-link\"><\/div>            \n   <div id=\"text-box-1154788027\" class=\"text-box banner-layer x50 md-x50 lg-x50 y50 md-y50 lg-y50 res-text\">\n                                <div class=\"text-box-content text dark\">\n              \n              <div class=\"text-inner text-center\">\n                  \n<h3 class=\"uppercase\"><strong>Q ACADEMY<\/strong><\/h3>\n              <\/div>\n           <\/div>\n                            \n<style>\n#text-box-1154788027 {\n  width: 45%;\n}\n#text-box-1154788027 .text-box-content {\n  font-size: 100%;\n}\n@media (min-width:550px) {\n  #text-box-1154788027 {\n    width: 26%;\n  }\n}\n@media (min-width:850px) {\n  #text-box-1154788027 {\n    width: 18%;\n  }\n}\n<\/style>\n    <\/div>\n \n        <\/div>\n      <\/div>\n\n            \n<style>\n#banner-1689092044 {\n  padding-top: 165px;\n}\n#banner-1689092044 .bg.bg-loaded {\n  background-image: url(https:\/\/qgroupvn.com\/wp-content\/uploads\/2025\/08\/z6872079486084_b18ce7a9cd912cf3758ffb6c2eebe413-1024x884.jpg);\n}\n#banner-1689092044 .overlay {\n  background-color: rgba(0,0,0,.5);\n}\n#banner-1689092044 .ux-shape-divider--top svg {\n  height: 150px;\n  --divider-top-width: 100%;\n}\n#banner-1689092044 .ux-shape-divider--bottom svg {\n  height: 150px;\n  --divider-width: 100%;\n}\n@media (min-width:550px) {\n  #banner-1689092044 {\n    padding-top: 500px;\n  }\n}\n<\/style>\n  <\/div>\n\n\n<div class=\"row\"  id=\"row-684772252\">\n\n\t<div id=\"col-1228643789\" class=\"col medium-8 small-12 large-8\"  >\n\t\t\t\t<div class=\"col-inner\"  >\n\t\t\t\n\t\t\t\n<p><strong>Q Academy &#8211; H\u1ecdc Vi\u1ec7n Gi\u00e1o D\u1ee5c T\u1eeb G\u1ed1c &#8211; T\u01b0 Duy G\u1ed1c R\u1ec5 \u0110\u1ea1o \u0110\u1ee9c V\u00e0 Ng\u1ecdn \u0110u\u1ed1c Tr\u00ed Tu\u1ec7 Soi \u0110\u01b0\u1eddng<\/strong><\/p>\n<p>Ch\u00fang t\u00f4i hi\u1ec7n th\u1ef1c h\u00f3a s\u1ee9 m\u1ec7nh vun \u0111\u1eafp h\u00e0nh tr\u00ecnh t\u01b0\u01a1ng lai cho th\u1ebf h\u1ec7 tr\u1ebb th\u00f4ng qua c\u00e1c ch\u01b0\u01a1ng tr\u00ecnh \u0111\u00e0o t\u1ea1o v\u0103n h\u00f3a s\u00e1ng t\u1ea1o, k\u1ef9 n\u0103ng ngh\u1ec7 thu\u1eadt v\u00e0 t\u01b0 duy hi\u1ec7n \u0111\u1ea1i \u2013 t\u1ea5t c\u1ea3 \u0111\u01b0\u1ee3c ki\u1ebfn t\u1ea1o d\u1ef1a tr\u00ean n\u1ec1n t\u1ea3ng \u0111\u1ea1o \u0111\u1ee9c &#8211; tr\u00ed tu\u1ec7.<\/p>\n<p>T\u1ea1i Q Academy, m\u1ed7i h\u1ecdc vi\u00ean kh\u00f4ng \u0111\u01a1n thu\u1ea7n h\u1ecdc t\u1eadp hay h\u00e0nh ngh\u1ec1, m\u00e0 c\u00f2n \u0111\u01b0\u1ee3c nu\u00f4i d\u01b0\u1ee1ng tinh th\u1ea7n khai ph\u00f3ng, hun \u0111\u00fac l\u00f2ng t\u1ef1 tr\u1ecdng, s\u1ef1 t\u1eed t\u1ebf v\u00e0 kh\u1ea3 n\u0103ng \u0111\u1ed3ng h\u00e0nh c\u00f9ng c\u1ed9ng \u0111\u1ed3ng trong m\u1ed9t th\u1ebf gi\u1edbi \u0111a s\u1eafc m\u00e0u.<\/p>\n<p>Ch\u00fang t\u00f4i ki\u1ebfn t\u1ea1o m\u1ed9t h\u1ec7 sinh th\u00e1i h\u1ecdc t\u1eadp mang t\u1ea7m v\u00f3c di s\u1ea3n, n\u01a1i ng\u01b0\u1eddi h\u1ecdc \u0111\u01b0\u1ee3c tr\u1ea3i nghi\u1ec7m th\u1ef1c ti\u1ec5n s\u00e2u s\u1eafc, \u0111\u01b0\u1ee3c truy\u1ec1n c\u1ea3m h\u1ee9ng \u0111\u1ec3 v\u01b0\u01a1n l\u00ean v\u00e0 \u0111\u01b0\u1ee3c d\u1eabn d\u1eaft b\u1edfi nh\u1eefng n\u1ec1n t\u1ea3ng mang \u0111\u1eadm gi\u00e1 tr\u1ecb nh\u00e2n v\u0103n.<\/p>\n<p>\u25cf Ch\u1ea5t l\u01b0\u1ee3ng v\u01b0\u1ee3t tr\u1ed9i: M\u1ecdi ho\u1ea1t \u0111\u1ed9ng \u0111\u00e0o t\u1ea1o \u0111\u1ec1u xu\u1ea5t ph\u00e1t t\u1eeb cam k\u1ebft \u201cth\u1ef1c h\u1ecdc \u2013 th\u1ef1c h\u00e0nh\u201d, t\u1ea1o d\u1ef1ng gi\u00e1 tr\u1ecb th\u1eadt, tr\u00e1nh m\u1ecdi h\u00ecnh th\u1ee9c s\u00e1o r\u1ed7ng.<\/p>\n<p>\u25cf Tr\u00e1ch nhi\u1ec7m c\u1ed9ng \u0111\u1ed3ng: Ch\u00fang t\u00f4i g\u00ecn gi\u1eef m\u1ed9t kh\u00f4ng gian h\u1ecdc t\u1eadp v\u00e0 s\u00e1ng t\u1ea1o c\u00f3 chi\u1ec1u s\u00e2u, k\u1ebft h\u1ee3p gi\u1eefa truy\u1ec1n th\u1ed1ng v\u00e0 hi\u1ec7n \u0111\u1ea1i, gi\u1eefa tr\u1ea3i nghi\u1ec7m c\u00e1 nh\u00e2n v\u00e0 tr\u00e1ch nhi\u1ec7m x\u00e3 h\u1ed9i.<\/p>\n<p>\u25cf Truy\u1ec1n c\u1ea3m h\u1ee9ng: Ch\u00fang t\u00f4i tin v\u00e0o s\u1ee9c m\u1ea1nh lan t\u1ecfa c\u1ee7a nh\u1eefng con ng\u01b0\u1eddi t\u1eed t\u1ebf \u2013 n\u01a1i m\u1ed7i h\u1ecdc vi\u00ean kh\u00f4ng ch\u1ec9 tr\u01b0\u1edfng th\u00e0nh, m\u00e0 c\u00f2n l\u00e0 h\u1ea1t nh\u00e2n cho s\u1ef1 thay \u0111\u1ed5i t\u00edch c\u1ef1c c\u1ee7a nh\u00e2n sinh.<\/p>\n\t\t<\/div>\n\t\t\t\t\t<\/div>\n\n\t\n\n\t<div id=\"col-1234499082\" class=\"col medium-4 small-12 large-4\"  >\n\t\t\t\t<div class=\"col-inner\"  >\n\t\t\t\n\t\t\t\n\t<div id=\"gap-596153607\" class=\"gap-element clearfix\" style=\"display:block; height:auto;\">\n\t\t\n<style>\n#gap-596153607 {\n  padding-top: 120px;\n}\n<\/style>\n\t<\/div>\n\t\n\t<div class=\"img has-hover x md-x lg-x y md-y lg-y\" id=\"image_120116323\">\n\t\t\t\t\t\t\t\t<div class=\"img-inner image-cover dark\" style=\"padding-top:71%;\">\n\t\t\t<img loading=\"lazy\" decoding=\"async\" width=\"1020\" height=\"881\" src=\"https:\/\/qgroupvn.com\/wp-content\/uploads\/2025\/08\/z6872079486084_b18ce7a9cd912cf3758ffb6c2eebe413-1024x884.jpg\" class=\"attachment-large size-large\" alt=\"\" srcset=\"https:\/\/qgroupvn.com\/wp-content\/uploads\/2025\/08\/z6872079486084_b18ce7a9cd912cf3758ffb6c2eebe413-1024x884.jpg 1024w, https:\/\/qgroupvn.com\/wp-content\/uploads\/2025\/08\/z6872079486084_b18ce7a9cd912cf3758ffb6c2eebe413-300x259.jpg 300w, https:\/\/qgroupvn.com\/wp-content\/uploads\/2025\/08\/z6872079486084_b18ce7a9cd912cf3758ffb6c2eebe413-768x663.jpg 768w, https:\/\/qgroupvn.com\/wp-content\/uploads\/2025\/08\/z6872079486084_b18ce7a9cd912cf3758ffb6c2eebe413-1536x1326.jpg 1536w, https:\/\/qgroupvn.com\/wp-content\/uploads\/2025\/08\/z6872079486084_b18ce7a9cd912cf3758ffb6c2eebe413-2048x1768.jpg 2048w\" sizes=\"auto, (max-width: 1020px) 100vw, 1020px\" \/>\t\t\t\t\t\t\n\t\t\t\t\t<\/div>\n\t\t\t\t\t\t\t\t\n<style>\n#image_120116323 {\n  width: 100%;\n}\n<\/style>\n\t<\/div>\n\t\n\t\t<\/div>\n\t\t\t\t\t<\/div>\n\n\t\n<\/div>\n","protected":false},"excerpt":{"rendered":"","protected":false},"author":2,"featured_media":0,"parent":0,"menu_order":0,"comment_status":"closed","ping_status":"closed","template":"page-blank.php","meta":{"footnotes":""},"class_list":["post-993","page","type-page","status-publish","hentry"],"_links":{"self":[{"href":"https:\/\/qgroupvn.com\/en\/wp-json\/wp\/v2\/pages\/993","targetHints":{"allow":["GET"]}}],"collection":[{"href":"https:\/\/qgroupvn.com\/en\/wp-json\/wp\/v2\/pages"}],"about":[{"href":"https:\/\/qgroupvn.com\/en\/wp-json\/wp\/v2\/types\/page"}],"author":[{"embeddable":true,"href":"https:\/\/qgroupvn.com\/en\/wp-json\/wp\/v2\/users\/2"}],"replies":[{"embeddable":true,"href":"https:\/\/qgroupvn.com\/en\/wp-json\/wp\/v2\/comments?post=993"}],"version-history":[{"count":6,"href":"https:\/\/qgroupvn.com\/en\/wp-json\/wp\/v2\/pages\/993\/revisions"}],"predecessor-version":[{"id":1044,"href":"https:\/\/qgroupvn.com\/en\/wp-json\/wp\/v2\/pages\/993\/revisions\/1044"}],"wp:attachment":[{"href":"https:\/\/qgroupvn.com\/en\/wp-json\/wp\/v2\/media?parent=993"}],"curies":[{"name":"wp","href":"https:\/\/api.w.org\/{rel}","templated":true}]}}