{"id":985,"date":"2025-08-01T17:19:37","date_gmt":"2025-08-01T10:19:37","guid":{"rendered":"https:\/\/qgroupvn.com\/q-fund"},"modified":"2025-09-15T14:25:59","modified_gmt":"2025-09-15T07:25:59","slug":"q-fund","status":"publish","type":"page","link":"https:\/\/qgroupvn.com\/en\/q-fund","title":{"rendered":"Q Fund"},"content":{"rendered":"\n  <div class=\"banner has-hover\" id=\"banner-459125713\">\n          <div class=\"banner-inner fill\">\n        <div class=\"banner-bg fill\" >\n            <div class=\"bg fill bg-fill \"><\/div>\n                        <div class=\"overlay\"><\/div>            \n                    <\/div>\n\t\t\n        <div class=\"banner-layers container\">\n            <div class=\"fill banner-link\"><\/div>            \n   <div id=\"text-box-1520918366\" class=\"text-box banner-layer x50 md-x50 lg-x50 y50 md-y50 lg-y50 res-text\">\n                                <div class=\"text-box-content text dark\">\n              \n              <div class=\"text-inner text-center\">\n                  \n<h3 class=\"uppercase\"><strong>Q Foundation<\/strong><\/h3>\n              <\/div>\n           <\/div>\n                            \n<style>\n#text-box-1520918366 {\n  width: 29%;\n}\n#text-box-1520918366 .text-box-content {\n  font-size: 100%;\n}\n@media (min-width:550px) {\n  #text-box-1520918366 {\n    width: 17%;\n  }\n}\n@media (min-width:850px) {\n  #text-box-1520918366 {\n    width: 23%;\n  }\n}\n<\/style>\n    <\/div>\n \n        <\/div>\n      <\/div>\n\n            \n<style>\n#banner-459125713 {\n  padding-top: 149px;\n}\n#banner-459125713 .bg.bg-loaded {\n  background-image: url(https:\/\/qgroupvn.com\/wp-content\/uploads\/2025\/08\/fund2...jpg);\n}\n#banner-459125713 .overlay {\n  background-color: rgba(0,0,0,.5);\n}\n#banner-459125713 .ux-shape-divider--top svg {\n  height: 150px;\n  --divider-top-width: 100%;\n}\n#banner-459125713 .ux-shape-divider--bottom svg {\n  height: 150px;\n  --divider-width: 100%;\n}\n@media (min-width:550px) {\n  #banner-459125713 {\n    padding-top: 500px;\n  }\n}\n<\/style>\n  <\/div>\n\n\n\t<section class=\"section\" id=\"section_1325510231\">\n\t\t<div class=\"bg section-bg fill bg-fill  bg-loaded\" >\n\n\t\t\t\n\t\t\t\n\t\t\t\n\n\t\t<\/div>\n\n\t\t\n\n\t\t<div class=\"section-content relative\">\n\t\t\t\n<div class=\"row\"  id=\"row-23943205\">\n\n\t<div id=\"col-1127765962\" class=\"col medium-6 small-12 large-6\"  >\n\t\t\t\t<div class=\"col-inner\"  >\n\t\t\t\n\t\t\t\n<p><strong>Q Foundation &#8211; Qu\u1ef9 Ph\u00e1t Tri\u1ec3n B\u1ec1n V\u1eefng<\/strong><\/p>\n<p>Ch\u00fang t\u00f4i t\u1ef1 h\u00e0o \u0111\u1ed3ng h\u00e0nh c\u00f9ng c\u00e1c d\u1ef1 \u00e1n gi\u00e1o d\u1ee5c c\u1ed9ng \u0111\u1ed3ng, v\u1edbi t\u00f4n ch\u1ec9 c\u1ed1t l\u00f5i: \u201cH\u00e0nh \u0111\u1ed9ng th\u1eadt \u2013 Gi\u00e1 tr\u1ecb th\u1eadt\u201d.<br \/>\nKh\u00f4ng ch\u1ec9 l\u00e0 m\u1ed9t kh\u1ea9u hi\u1ec7u, \u0111\u00f3 l\u00e0 l\u1eddi cam k\u1ebft s\u00e2u s\u1eafc v\u1edbi h\u00e0nh \u0111\u1ed9ng t\u1eed t\u1ebf, tr\u00e1ch nhi\u1ec7m v\u00e0 b\u1ec1n b\u1ec9 \u2013 v\u00ec m\u1ed9t t\u01b0\u01a1ng lai n\u01a1i tri th\u1ee9c kh\u00f4ng ch\u1ec9 \u0111\u01b0\u1ee3c truy\u1ec1n d\u1ea1y, m\u00e0 c\u00f2n \u0111\u01b0\u1ee3c s\u1ed1ng th\u1eadt, h\u00e0nh \u0111\u1ed9ng v\u00e0 lan t\u1ecfa.<\/p>\n\t\t<\/div>\n\t\t\t\t\t<\/div>\n\n\t\n\n\t<div id=\"col-695957918\" class=\"col medium-6 small-12 large-6\"  >\n\t\t\t\t<div class=\"col-inner\"  >\n\t\t\t\n\t\t\t\n\t<div class=\"img has-hover x md-x lg-x y md-y lg-y\" id=\"image_1896891156\">\n\t\t\t\t\t\t\t\t<div class=\"img-inner image-cover dark\" style=\"padding-top:42%;\">\n\t\t\t<img loading=\"lazy\" decoding=\"async\" width=\"940\" height=\"788\" src=\"https:\/\/qgroupvn.com\/wp-content\/uploads\/2025\/08\/fund3.jpg\" class=\"attachment-large size-large\" alt=\"\" srcset=\"https:\/\/qgroupvn.com\/wp-content\/uploads\/2025\/08\/fund3.jpg 940w, https:\/\/qgroupvn.com\/wp-content\/uploads\/2025\/08\/fund3-300x251.jpg 300w, https:\/\/qgroupvn.com\/wp-content\/uploads\/2025\/08\/fund3-768x644.jpg 768w\" sizes=\"auto, (max-width: 940px) 100vw, 940px\" \/>\t\t\t\t\t\t\n\t\t\t\t\t<\/div>\n\t\t\t\t\t\t\t\t\n<style>\n#image_1896891156 {\n  width: 100%;\n}\n<\/style>\n\t<\/div>\n\t\n\t\t<\/div>\n\t\t\t\t\t<\/div>\n\n\t\n\n\t<div id=\"col-550088911\" class=\"col medium-6 small-12 large-6\"  >\n\t\t\t\t<div class=\"col-inner\"  >\n\t\t\t\n\t\t\t\n\t<div class=\"img has-hover x md-x lg-x y md-y lg-y\" id=\"image_1297647032\">\n\t\t\t\t\t\t\t\t<div class=\"img-inner image-cover dark\" style=\"padding-top:51%;\">\n\t\t\t<img loading=\"lazy\" decoding=\"async\" width=\"880\" height=\"586\" src=\"https:\/\/qgroupvn.com\/wp-content\/uploads\/2025\/08\/fund2...jpg\" class=\"attachment-large size-large\" alt=\"\" srcset=\"https:\/\/qgroupvn.com\/wp-content\/uploads\/2025\/08\/fund2...jpg 880w, https:\/\/qgroupvn.com\/wp-content\/uploads\/2025\/08\/fund2..-300x200.jpg 300w, https:\/\/qgroupvn.com\/wp-content\/uploads\/2025\/08\/fund2..-768x511.jpg 768w\" sizes=\"auto, (max-width: 880px) 100vw, 880px\" \/>\t\t\t\t\t\t\n\t\t\t\t\t<\/div>\n\t\t\t\t\t\t\t\t\n<style>\n#image_1297647032 {\n  width: 100%;\n}\n<\/style>\n\t<\/div>\n\t\n\t\t<\/div>\n\t\t\t\t\t<\/div>\n\n\t\n\n\t<div id=\"col-1745728526\" class=\"col medium-6 small-12 large-6\"  >\n\t\t\t\t<div class=\"col-inner\"  >\n\t\t\t\n\t\t\t\n<p>Trong t\u1eebng b\u01b0\u1edbc \u0111i nh\u1ecf, ch\u00fang t\u00f4i \u0111\u1eb7t tr\u00e1i tim v\u00e0o vi\u1ec7c ph\u1ee5ng s\u1ef1 nh\u1eefng \u0111i\u1ec1u c\u00f3 \u00fd ngh\u0129a, n\u00e2ng \u0111\u1ee1 t\u1eebng \u01b0\u1edbc m\u01a1, \u0111\u1ed3ng h\u00e0nh c\u00f9ng nh\u1eefng ng\u01b0\u1eddi \u0111ang gieo tr\u1ed3ng tri th\u1ee9c, \u0111\u1ec3 g\u00f3p ph\u1ea7n x\u00e2y d\u1ef1ng m\u1ed9t n\u1ec1n gi\u00e1o d\u1ee5c t\u1eeb g\u1ed1c &#8211; t\u01b0 duy g\u1ed1c r\u1ec5 \u0111\u1ea1o \u0111\u1ee9c v\u00e0 ng\u1ecdn \u0111u\u1ed1c tr\u00ed tu\u1ec7 soi \u0111\u01b0\u1eddng ph\u00f3ng, nh\u00e2n v\u0103n v\u00e0 b\u1ec1n v\u1eefng.<\/p>\n<p>Ch\u00fang t\u00f4i tin r\u1eb1ng: m\u1ed7i h\u00e0nh \u0111\u1ed9ng ch\u00e2n th\u00e0nh, d\u00f9 nh\u1ecf b\u00e9, s\u1ebd th\u1eafp l\u00ean nh\u1eefng tia s\u00e1ng hy v\u1ecdng.<br \/>\nV\u00e0 ch\u00ednh nh\u1eefng m\u1ea7m xanh h\u00f4m nay \u2013 \u0111\u01b0\u1ee3c nu\u00f4i d\u01b0\u1ee1ng b\u1eb1ng t\u00ecnh th\u01b0\u01a1ng, s\u1ef1 th\u1ea5u hi\u1ec3u v\u00e0 ni\u1ec1m tin \u2013 s\u1ebd l\u00e0 nh\u1eefng ng\u01b0\u1eddi l\u00e0m n\u00ean t\u01b0\u01a1ng lai c\u1ee7a d\u00e2n t\u1ed9c ng\u00e0y mai.<\/p>\n\t\t<\/div>\n\t\t\t\t\t<\/div>\n\n\t\n<\/div>\n<div class=\"row\"  id=\"row-1181243591\">\n\n\t<div id=\"col-506602273\" class=\"col small-12 large-12\"  >\n\t\t\t\t<div class=\"col-inner\"  >\n\t\t\t\n\t\t\t\n<p style=\"text-align: left;\">Ch\u00fang t\u00f4i kh\u00f4ng \u0111i m\u1ed9t m\u00ecnh. Ch\u00fang t\u00f4i \u0111i c\u00f9ng nh\u1eefng tr\u00e1i tim chung nh\u1ecbp \u0111\u1eadp, nh\u1eefng b\u00e0n tay s\u1eb5n s\u00e0ng h\u00e0nh \u0111\u1ed9ng, v\u00e0 nh\u1eefng c\u1ed9ng \u0111\u1ed3ng c\u00f9ng tin v\u00e0o m\u1ed9t \u0111i\u1ec1u gi\u1ea3n d\u1ecb nh\u01b0ng s\u00e2u s\u1eafc.<\/p>\n<p style=\"text-align: center;\"><strong><em>Gi\u00e1o d\u1ee5c t\u1eed t\u1ebf l\u00e0 h\u1ea1t gi\u1ed1ng c\u1ee7a t\u01b0\u01a1ng lai h\u1ea1nh ph\u00fac<\/em><\/strong><\/p>\n\t\t<\/div>\n\t\t\t\t\t<\/div>\n\n\t\n<\/div>\n\t\t<\/div>\n\n\t\t\n<style>\n#section_1325510231 {\n  padding-top: 30px;\n  padding-bottom: 30px;\n}\n#section_1325510231 .ux-shape-divider--top svg {\n  height: 150px;\n  --divider-top-width: 100%;\n}\n#section_1325510231 .ux-shape-divider--bottom svg {\n  height: 150px;\n  --divider-width: 100%;\n}\n<\/style>\n\t<\/section>\n\t\n","protected":false},"excerpt":{"rendered":"","protected":false},"author":2,"featured_media":0,"parent":0,"menu_order":0,"comment_status":"closed","ping_status":"closed","template":"page-blank.php","meta":{"footnotes":""},"class_list":["post-985","page","type-page","status-publish","hentry"],"_links":{"self":[{"href":"https:\/\/qgroupvn.com\/en\/wp-json\/wp\/v2\/pages\/985","targetHints":{"allow":["GET"]}}],"collection":[{"href":"https:\/\/qgroupvn.com\/en\/wp-json\/wp\/v2\/pages"}],"about":[{"href":"https:\/\/qgroupvn.com\/en\/wp-json\/wp\/v2\/types\/page"}],"author":[{"embeddable":true,"href":"https:\/\/qgroupvn.com\/en\/wp-json\/wp\/v2\/users\/2"}],"replies":[{"embeddable":true,"href":"https:\/\/qgroupvn.com\/en\/wp-json\/wp\/v2\/comments?post=985"}],"version-history":[{"count":4,"href":"https:\/\/qgroupvn.com\/en\/wp-json\/wp\/v2\/pages\/985\/revisions"}],"predecessor-version":[{"id":1047,"href":"https:\/\/qgroupvn.com\/en\/wp-json\/wp\/v2\/pages\/985\/revisions\/1047"}],"wp:attachment":[{"href":"https:\/\/qgroupvn.com\/en\/wp-json\/wp\/v2\/media?parent=985"}],"curies":[{"name":"wp","href":"https:\/\/api.w.org\/{rel}","templated":true}]}}